{"id":2224,"date":"2022-03-16T14:51:12","date_gmt":"2022-03-16T14:51:12","guid":{"rendered":"https:\/\/doubleupnebraska.org\/encuentre-un-local\/"},"modified":"2022-04-11T16:29:08","modified_gmt":"2022-04-11T16:29:08","slug":"encuentre-un-local","status":"publish","type":"page","link":"https:\/\/doubleupnebraska.org\/es\/encuentre-un-local\/","title":{"rendered":"Encuentre un Local"},"content":{"rendered":"\n<h1>\n\t\tUBICACIONES DOUBLE UP FOOD BUCKS\n\t<\/h1>\n\t\t\t\t<img loading=\"lazy\" decoding=\"async\" src=\"https:\/\/nebraska.doubleupfoodbucks.org\/wp-content\/uploads\/sites\/13\/2021\/06\/EBT-01.png\" alt=\"EBT Card Image\" height=\"473\" width=\"751\" title=\"EBT-01\" \/>\n\t\t\t<a href=\"https:\/\/doubleupamerica.org\/\" target=\"_self\" role=\"button\" rel=\"noopener\">\n\t\t\t\t\t\t\t\u00bfNo est\u00e1 en Nebraska?\n\t\t\t<\/a>\n\t\t\t\t<img loading=\"lazy\" decoding=\"async\" src=\"https:\/\/nebraska.doubleupfoodbucks.org\/wp-content\/uploads\/sites\/13\/2020\/11\/wave_top1.svg\" alt=\"wave_top1\" height=\"400\" width=\"400\" title=\"wave_top1\" \/>\n\t    <div class=\"state_map_form\">\n\n\t\t<div class=\"flex\">\n\n\t\t\t<p class=\"h4 map_searchbyzip_title\">Buscar por c\u00f3digo ZIP&nbsp;<\/p>\n\n            <div class=\"state_map_form-zip\"><input id=\"state_map_form-zip\" type=\"text\" placeholder=\"\"><\/div>\n\t\t\t\n\t\t\t<div class=\"state_map_form-radius\">\n\t\t\t\t<select>\n\t\t\t\t\t<option value=\"10\">10 millas<\/option>\n\t\t\t\t\t<option value=\"20\">20 millas<\/option>\n\t\t\t\t\t<option value=\"30\">30 millas<\/option>\n\t\t\t\t\t<option value=\"40\">40 millas<\/option>\n\t\t\t\t\t<option value=\"50\">50 millas<\/option>\n\t\t\t\t<\/select>\n\t\t\t<\/div>\n\n\t\t\t<div class=\"state_map_form-submit\">\n\t\t\t\t<div class=\"button yellow location_finder_btn\" role=\"button\"><a>BUSCAR<\/a><\/div>\n\t\t\t<\/div>\n\t\t<\/div>\n\n\t\t        <div class=\"state_map_form-location\">\n            <div class=\"flex\">\n\t\t\t    <p class=\"h4 map_filter_locationtype_title\">Filtrar por tipo de ubicaci\u00f3n<\/p>\n\t\t\t    <select class=\"map_filter_locationtype_select\">\n                    <option value=\"any\">Todas<\/option>\n                    <option value=\"grocery\">Supermercado<\/option><option value=\"farmers_market\">Mercado de granja<\/option><option value=\"community_supported_agriculture\">Agricultura con Apoyo Comunitario (CSA)<\/option>                <\/select>\n            <\/div>\n\t\t<\/div>\n\t<\/div>\n\t\n\t<div class=\"state_map\">\n\t\t<div class=\"location_icon\"><img decoding=\"async\" alt=\"Location Icon\" src=\"\/wp-content\/uploads\/2021\/01\/current-location-prompt.svg\" \/><\/div>\n        <div class=\"state_locations_list\"><\/div>\n\t\t<div id=\"state_map\"><\/div>\n\t\t<div class=\"layover-screen-message\">\n\t\t\t<div>\n\t\t\t<img decoding=\"async\" src=\"\/wp-content\/uploads\/sites\/17\/2020\/10\/dufb_icon-1.svg\" alt=\"Double Up Logo\"\/>\n\t\t\t<p class=\"h4\">Preparando las ubicaciones<span class=\"dot-one\">.<\/span><span class=\"dot-two\">.<\/span><span class=\"dot-three\">.<\/span><\/p>\n\t\t\t<\/div>\n\t\t<\/div>\n    <\/div>\n    \n    \n<h3>\n\t\tDESCARGAR LA LISTA DE LUGARES\n\t<\/h3>\n\t\t\t<a href=\"https:\/\/nebraska.doubleupfoodbucks.org\/wp-content\/uploads\/sites\/13\/2021\/11\/All-Locations-Flyer.pdf\" target=\"_blank\" role=\"button\" rel=\"noopener\">\n\t\t\t\t\t\t\tDESCARGAR LA LISTA DE PDF\n\t\t\t\t\t<\/a>\n\t<h2>Convi\u00e9rtete en participante<br \/>\ntienda o mercado<\/h2>\n\t<p>\u00danase a las 12 ubicaciones que apoyan a sus comunidades con un mejor acceso a frutas y verduras frescas. Tambi\u00e9n puede <a href=\"https:\/\/nebraska.doubleupfoodbucks.org\/es\/recomiende-una-ubicacion\/\">recomendar una tienda de comestibles o un mercado de agricultores<\/a> cerca de usted si cree que ser\u00edan una buena opci\u00f3n para Double Up.<\/p>\n\t\t\t<a href=\"https:\/\/nebraska.doubleupfoodbucks.org\/es\/contactenos\/\" target=\"_self\" role=\"button\" rel=\"noopener\">\n\t\t\t\t\t\t\tCONT\u00c1CTENOS\n\t\t\t\t\t<\/a>\n\t\t\t\t<img loading=\"lazy\" decoding=\"async\" src=\"https:\/\/nebraska.doubleupfoodbucks.org\/wp-content\/uploads\/sites\/13\/2020\/11\/beetroot.svg\" alt=\"beetroot\" height=\"400\" width=\"400\" title=\"beetroot\" \/>\n<h2>\n\t\tPreguntas Frecuentes\n\t<\/h2>\n\t\t\t\t\t\t\u00bfQu\u00e9 pasa si no hay Double Up participantes en mi \u00e1rea?\n\t\t\t<p>Puede  <a href=\"https:\/\/nebraska.doubleupfoodbucks.org\/es\/recomiende-una-ubicacion\/\">recomendarnos una ubicaci\u00f3n<\/a> o <a href=\"https:\/\/nebraska.doubleupfoodbucks.org\/es\/contactenos\/\">ponerse en contacto con nosotros<\/a> para decirnos que desea que Double Up eche ra\u00edces en su \u00e1rea.<\/p>\n\t\t\t\t\t\t\u00bfQu\u00e9 sucede si no estoy en Nebraska?\n\t\t\t<p>Double Up est\u00e1 disponible en muchos estados y crece cada d\u00eda. Visite el <a href=\"https:\/\/doubleupamerica.org\/es\">sitio nacional<\/a> para ver si Double Up Food Bucks est\u00e1 disponible en su estado.<\/p>\n\t\t\t\t\t\t\u00bfWalmart, Hyvee o las tiendas de d\u00f3lar aceptan Double Up Food Bucks?\n\t\t\t<p>Walmart, Hyvee y las tiendas de d\u00f3lar no participan en nuestro programa. Trabajamos con supermercados locales e independientes y mercados de agricultores. Con m\u00e1s de 12 ubicaciones participantes en todo Nebraska, <a href=\"https:\/\/nebraska.doubleupfoodbucks.org\/es\/encuentre-un-local\/\">encuentre una cerca de usted<\/a>.<\/p>\n\t<p>&nbsp;<\/p>\n<p>Para obtener m\u00e1s preguntas y respuestas, visite nuestra p\u00e1gina de <a href=\"https:\/\/nebraska.doubleupfoodbucks.org\/es\/preguntas-frecuentes\/\">preguntas frecuentes<\/a>.<\/p>\n\n","protected":false},"excerpt":{"rendered":"<p>UBICACIONES DOUBLE UP FOOD BUCKS \u00bfNo est\u00e1 en ? DESCARGAR LA LISTA DE LUGARES DESCARGAR LA LISTA DE PDF Convi\u00e9rtete en participante tienda o mercado \u00danase a las 12 ubicaciones que apoyan a sus comunidades con un mejor acceso a frutas y verduras frescas. Tambi\u00e9n puede recomendar una tienda de comestibles o un mercado de&hellip;<\/p>\n","protected":false},"author":5,"featured_media":355,"parent":0,"menu_order":0,"comment_status":"closed","ping_status":"closed","template":"","meta":{"_acf_changed":false,"inline_featured_image":false,"footnotes":""},"class_list":["post-2224","page","type-page","status-publish","has-post-thumbnail","hentry"],"acf":[],"yoast_head":"<!-- This site is optimized with the Yoast SEO plugin v27.5 - https:\/\/yoast.com\/product\/yoast-seo-wordpress\/ -->\n<title>Encuentre una ubicaci\u00f3n de Double Food Bucks en Nebraska | DUFB Nebraska<\/title>\n<meta name=\"description\" content=\"Obtenga el doble de frutas\/verduras con DUFB. Use su tarjeta EBT en todo Nebraska para obtener el doble de frutas\/verduras con Double Up Food Bucks.\" \/>\n<meta name=\"robots\" content=\"index, follow, max-snippet:-1, max-image-preview:large, max-video-preview:-1\" \/>\n<link rel=\"canonical\" href=\"https:\/\/doubleupnebraska.org\/es\/encuentre-un-local\/\" \/>\n<meta property=\"og:locale\" content=\"es_ES\" \/>\n<meta property=\"og:type\" content=\"article\" \/>\n<meta property=\"og:title\" content=\"Encuentre una ubicaci\u00f3n de Double Food Bucks en Nebraska | DUFB Nebraska\" \/>\n<meta property=\"og:description\" content=\"Obtenga el doble de frutas\/verduras con DUFB. Use su tarjeta EBT en todo Nebraska para obtener el doble de frutas\/verduras con Double Up Food Bucks.\" \/>\n<meta property=\"og:url\" content=\"https:\/\/doubleupnebraska.org\/es\/encuentre-un-local\/\" \/>\n<meta property=\"og:site_name\" content=\"Double Up Food Bucks | Nebraska\" \/>\n<meta property=\"article:modified_time\" content=\"2022-04-11T16:29:08+00:00\" \/>\n<meta property=\"og:image\" content=\"https:\/\/doubleupnebraska.org\/wp-content\/uploads\/sites\/13\/2020\/11\/fresh-news-hero.jpg\" \/>\n\t<meta property=\"og:image:width\" content=\"1600\" \/>\n\t<meta property=\"og:image:height\" content=\"1000\" \/>\n\t<meta property=\"og:image:type\" content=\"image\/jpeg\" \/>\n<meta name=\"twitter:card\" content=\"summary_large_image\" \/>\n<meta name=\"twitter:label1\" content=\"Tiempo de lectura\" \/>\n\t<meta name=\"twitter:data1\" content=\"1 minuto\" \/>\n<script type=\"application\/ld+json\" class=\"yoast-schema-graph\">{\"@context\":\"https:\\\/\\\/schema.org\",\"@graph\":[{\"@type\":\"WebPage\",\"@id\":\"https:\\\/\\\/doubleupnebraska.org\\\/es\\\/encuentre-un-local\\\/\",\"url\":\"https:\\\/\\\/doubleupnebraska.org\\\/es\\\/encuentre-un-local\\\/\",\"name\":\"Encuentre una ubicaci\u00f3n de Double Food Bucks en Nebraska | DUFB Nebraska\",\"isPartOf\":{\"@id\":\"https:\\\/\\\/doubleupnebraska.org\\\/es\\\/#website\"},\"primaryImageOfPage\":{\"@id\":\"https:\\\/\\\/doubleupnebraska.org\\\/es\\\/encuentre-un-local\\\/#primaryimage\"},\"image\":{\"@id\":\"https:\\\/\\\/doubleupnebraska.org\\\/es\\\/encuentre-un-local\\\/#primaryimage\"},\"thumbnailUrl\":\"https:\\\/\\\/doubleupnebraska.org\\\/wp-content\\\/uploads\\\/sites\\\/13\\\/2020\\\/11\\\/fresh-news-hero.jpg\",\"datePublished\":\"2022-03-16T14:51:12+00:00\",\"dateModified\":\"2022-04-11T16:29:08+00:00\",\"description\":\"Obtenga el doble de frutas\\\/verduras con DUFB. Use su tarjeta EBT en todo Nebraska para obtener el doble de frutas\\\/verduras con Double Up Food Bucks.\",\"breadcrumb\":{\"@id\":\"https:\\\/\\\/doubleupnebraska.org\\\/es\\\/encuentre-un-local\\\/#breadcrumb\"},\"inLanguage\":\"es\",\"potentialAction\":[{\"@type\":\"ReadAction\",\"target\":[\"https:\\\/\\\/doubleupnebraska.org\\\/es\\\/encuentre-un-local\\\/\"]}]},{\"@type\":\"ImageObject\",\"inLanguage\":\"es\",\"@id\":\"https:\\\/\\\/doubleupnebraska.org\\\/es\\\/encuentre-un-local\\\/#primaryimage\",\"url\":\"https:\\\/\\\/doubleupnebraska.org\\\/wp-content\\\/uploads\\\/sites\\\/13\\\/2020\\\/11\\\/fresh-news-hero.jpg\",\"contentUrl\":\"https:\\\/\\\/doubleupnebraska.org\\\/wp-content\\\/uploads\\\/sites\\\/13\\\/2020\\\/11\\\/fresh-news-hero.jpg\",\"width\":1600,\"height\":1000,\"caption\":\"Dos manos extendidas sosteniendo racimos de bok choy.\"},{\"@type\":\"BreadcrumbList\",\"@id\":\"https:\\\/\\\/doubleupnebraska.org\\\/es\\\/encuentre-un-local\\\/#breadcrumb\",\"itemListElement\":[{\"@type\":\"ListItem\",\"position\":1,\"name\":\"Home\",\"item\":\"https:\\\/\\\/doubleupnebraska.org\\\/es\\\/\"},{\"@type\":\"ListItem\",\"position\":2,\"name\":\"Encuentre un Local\"}]},{\"@type\":\"WebSite\",\"@id\":\"https:\\\/\\\/doubleupnebraska.org\\\/es\\\/#website\",\"url\":\"https:\\\/\\\/doubleupnebraska.org\\\/es\\\/\",\"name\":\"Double Up Food Bucks | Nebraska\",\"description\":\"Get FREE fruits &amp; veggies with Double Up Food Bucks\",\"potentialAction\":[{\"@type\":\"SearchAction\",\"target\":{\"@type\":\"EntryPoint\",\"urlTemplate\":\"https:\\\/\\\/doubleupnebraska.org\\\/es\\\/?s={search_term_string}\"},\"query-input\":{\"@type\":\"PropertyValueSpecification\",\"valueRequired\":true,\"valueName\":\"search_term_string\"}}],\"inLanguage\":\"es\"}]}<\/script>\n<!-- \/ Yoast SEO plugin. -->","yoast_head_json":{"title":"Encuentre una ubicaci\u00f3n de Double Food Bucks en Nebraska | DUFB Nebraska","description":"Obtenga el doble de frutas\/verduras con DUFB. Use su tarjeta EBT en todo Nebraska para obtener el doble de frutas\/verduras con Double Up Food Bucks.","robots":{"index":"index","follow":"follow","max-snippet":"max-snippet:-1","max-image-preview":"max-image-preview:large","max-video-preview":"max-video-preview:-1"},"canonical":"https:\/\/doubleupnebraska.org\/es\/encuentre-un-local\/","og_locale":"es_ES","og_type":"article","og_title":"Encuentre una ubicaci\u00f3n de Double Food Bucks en Nebraska | DUFB Nebraska","og_description":"Obtenga el doble de frutas\/verduras con DUFB. Use su tarjeta EBT en todo Nebraska para obtener el doble de frutas\/verduras con Double Up Food Bucks.","og_url":"https:\/\/doubleupnebraska.org\/es\/encuentre-un-local\/","og_site_name":"Double Up Food Bucks | Nebraska","article_modified_time":"2022-04-11T16:29:08+00:00","og_image":[{"width":1600,"height":1000,"url":"https:\/\/doubleupnebraska.org\/wp-content\/uploads\/sites\/13\/2020\/11\/fresh-news-hero.jpg","type":"image\/jpeg"}],"twitter_card":"summary_large_image","twitter_misc":{"Tiempo de lectura":"1 minuto"},"schema":{"@context":"https:\/\/schema.org","@graph":[{"@type":"WebPage","@id":"https:\/\/doubleupnebraska.org\/es\/encuentre-un-local\/","url":"https:\/\/doubleupnebraska.org\/es\/encuentre-un-local\/","name":"Encuentre una ubicaci\u00f3n de Double Food Bucks en Nebraska | DUFB Nebraska","isPartOf":{"@id":"https:\/\/doubleupnebraska.org\/es\/#website"},"primaryImageOfPage":{"@id":"https:\/\/doubleupnebraska.org\/es\/encuentre-un-local\/#primaryimage"},"image":{"@id":"https:\/\/doubleupnebraska.org\/es\/encuentre-un-local\/#primaryimage"},"thumbnailUrl":"https:\/\/doubleupnebraska.org\/wp-content\/uploads\/sites\/13\/2020\/11\/fresh-news-hero.jpg","datePublished":"2022-03-16T14:51:12+00:00","dateModified":"2022-04-11T16:29:08+00:00","description":"Obtenga el doble de frutas\/verduras con DUFB. Use su tarjeta EBT en todo Nebraska para obtener el doble de frutas\/verduras con Double Up Food Bucks.","breadcrumb":{"@id":"https:\/\/doubleupnebraska.org\/es\/encuentre-un-local\/#breadcrumb"},"inLanguage":"es","potentialAction":[{"@type":"ReadAction","target":["https:\/\/doubleupnebraska.org\/es\/encuentre-un-local\/"]}]},{"@type":"ImageObject","inLanguage":"es","@id":"https:\/\/doubleupnebraska.org\/es\/encuentre-un-local\/#primaryimage","url":"https:\/\/doubleupnebraska.org\/wp-content\/uploads\/sites\/13\/2020\/11\/fresh-news-hero.jpg","contentUrl":"https:\/\/doubleupnebraska.org\/wp-content\/uploads\/sites\/13\/2020\/11\/fresh-news-hero.jpg","width":1600,"height":1000,"caption":"Dos manos extendidas sosteniendo racimos de bok choy."},{"@type":"BreadcrumbList","@id":"https:\/\/doubleupnebraska.org\/es\/encuentre-un-local\/#breadcrumb","itemListElement":[{"@type":"ListItem","position":1,"name":"Home","item":"https:\/\/doubleupnebraska.org\/es\/"},{"@type":"ListItem","position":2,"name":"Encuentre un Local"}]},{"@type":"WebSite","@id":"https:\/\/doubleupnebraska.org\/es\/#website","url":"https:\/\/doubleupnebraska.org\/es\/","name":"Double Up Food Bucks | Nebraska","description":"Get FREE fruits &amp; veggies with Double Up Food Bucks","potentialAction":[{"@type":"SearchAction","target":{"@type":"EntryPoint","urlTemplate":"https:\/\/doubleupnebraska.org\/es\/?s={search_term_string}"},"query-input":{"@type":"PropertyValueSpecification","valueRequired":true,"valueName":"search_term_string"}}],"inLanguage":"es"}]}},"_links":{"self":[{"href":"https:\/\/doubleupnebraska.org\/es\/wp-json\/wp\/v2\/pages\/2224","targetHints":{"allow":["GET"]}}],"collection":[{"href":"https:\/\/doubleupnebraska.org\/es\/wp-json\/wp\/v2\/pages"}],"about":[{"href":"https:\/\/doubleupnebraska.org\/es\/wp-json\/wp\/v2\/types\/page"}],"author":[{"embeddable":true,"href":"https:\/\/doubleupnebraska.org\/es\/wp-json\/wp\/v2\/users\/5"}],"replies":[{"embeddable":true,"href":"https:\/\/doubleupnebraska.org\/es\/wp-json\/wp\/v2\/comments?post=2224"}],"version-history":[{"count":0,"href":"https:\/\/doubleupnebraska.org\/es\/wp-json\/wp\/v2\/pages\/2224\/revisions"}],"wp:featuredmedia":[{"embeddable":true,"href":"https:\/\/doubleupnebraska.org\/es\/wp-json\/wp\/v2\/media\/355"}],"wp:attachment":[{"href":"https:\/\/doubleupnebraska.org\/es\/wp-json\/wp\/v2\/media?parent=2224"}],"curies":[{"name":"wp","href":"https:\/\/api.w.org\/{rel}","templated":true}]}}